{"id":2,"date":"2025-07-25T14:56:42","date_gmt":"2025-07-25T14:56:42","guid":{"rendered":"http:\/\/2r3d.fr\/?page_id=2"},"modified":"2025-09-16T09:47:34","modified_gmt":"2025-09-16T07:47:34","slug":"mentions-legales","status":"publish","type":"page","link":"https:\/\/2r3d.fr\/index.php\/mentions-legales\/","title":{"rendered":"MENTIONS LEGALES"},"content":{"rendered":"\n<h2 class=\"wp-block-heading\" id=\"diteur-du-site\">\u00c9diteur du site<\/h2>\n\n\n\n<p>Nom de l\u2019entreprise : 2R3D<br>Forme juridique : Entreprise individuelle<br>Nom du responsable : Raphael Revelut<br>Adresse du si\u00e8ge social : 1 All\u00e9e des Rabasses, 13770 Venelles, France<br>Num\u00e9ro SIRET : 990 183 667 00015<br>Code APE : 2229B &#8211; Fabrication de produits de consommation courante en mati\u00e8res plastiques<br>Email de contact :&nbsp;<a href=\"mailto:contact@2r3d.fr\" target=\"_blank\" rel=\"noreferrer noopener\">contact@2r3d.fr<\/a><br>T\u00e9l\u00e9phone : 06 22 90 28 17<\/p>\n\n\n\n<h2 class=\"wp-block-heading\" id=\"directeur-de-la-publication\">Directeur de la publication<\/h2>\n\n\n\n<p>Raphael Revelut, en sa qualit\u00e9 de responsable l\u00e9gal de l\u2019entreprise.<\/p>\n\n\n\n<h2 class=\"wp-block-heading\" id=\"hbergeur-du-site\">H\u00e9bergeur du site<\/h2>\n\n\n\n<p>Nom : OVH SAS<br>Adresse : 2 rue Kellermann, BP 80157, 59053 Roubaix Cedex 1, France<br>T\u00e9l\u00e9phone : 09 72 10 10 07 (appel depuis la France)<br>Site web :&nbsp;<a href=\"http:\/\/www.ovh.com\/\" target=\"_blank\" rel=\"noreferrer noopener\">www.ovh.com<\/a><br>RCS : 424 761 419 RCS Roubaix \u2013 Tourcoing<br>Capital social : 10 000 000 \u20ac<\/p>\n\n\n\n<h2 class=\"wp-block-heading\" id=\"proprit-intellectuelle\">Propri\u00e9t\u00e9 intellectuelle<\/h2>\n\n\n\n<p>Tous les contenus pr\u00e9sents sur ce site (textes, images, logos, vid\u00e9os, graphismes) sont la propri\u00e9t\u00e9 exclusive de 2R3D ou de ses partenaires et sont prot\u00e9g\u00e9s par le Code de la propri\u00e9t\u00e9 intellectuelle. Toute reproduction, distribution, modification sans autorisation \u00e9crite pr\u00e9alable est interdite.<\/p>\n\n\n\n<h2 class=\"wp-block-heading\" id=\"protection-des-donnes-personnelles\">Protection des donn\u00e9es personnelles<\/h2>\n\n\n\n<p>Conform\u00e9ment au RGPD (R\u00e8glement G\u00e9n\u00e9ral sur la Protection des Donn\u00e9es), les donn\u00e9es collect\u00e9es via le site (formulaires, commandes) sont trait\u00e9es par 2R3D afin de g\u00e9rer les commandes et la relation client. Vous disposez d\u2019un droit d\u2019acc\u00e8s, de rectification et de suppression de vos donn\u00e9es en contactant&nbsp;<a rel=\"noreferrer noopener\" target=\"_blank\" href=\"mailto:contact@2r3d.fr\">contact@2r3d.fr<\/a>.<\/p>\n\n\n\n<h2 class=\"wp-block-heading\" id=\"cookies\">Cookies<\/h2>\n\n\n\n<p>Ce site utilise des cookies pour am\u00e9liorer l\u2019exp\u00e9rience utilisateur, r\u00e9aliser des statistiques de visite et assurer le bon fonctionnement des fonctionnalit\u00e9s. Vous pouvez configurer votre navigateur pour refuser ou accepter ces cookies.<\/p>\n\n\n\n<h2 class=\"wp-block-heading\" id=\"responsabilit\">Responsabilit\u00e9<\/h2>\n\n\n\n<p>2R3D ne peut \u00eatre tenu responsable des dommages directs ou indirects li\u00e9s \u00e0 l\u2019utilisation du site ou des produits vendus sur la boutique en ligne, dans la mesure permise par la loi.<\/p>\n","protected":false},"excerpt":{"rendered":"<p>\u00c9diteur du site Nom de l\u2019entreprise : 2R3DForme juridique : Entreprise individuelleNom du responsable : Raphael RevelutAdresse du si\u00e8ge social [&hellip;]<\/p>\n","protected":false},"author":1,"featured_media":0,"parent":0,"menu_order":0,"comment_status":"closed","ping_status":"open","template":"","meta":{"site-sidebar-layout":"default","site-content-layout":"","ast-site-content-layout":"default","site-content-style":"default","site-sidebar-style":"default","ast-global-header-display":"","ast-banner-title-visibility":"","ast-main-header-display":"","ast-hfb-above-header-display":"","ast-hfb-below-header-display":"","ast-hfb-mobile-header-display":"","site-post-title":"","ast-breadcrumbs-content":"","ast-featured-img":"","footer-sml-layout":"","ast-disable-related-posts":"","theme-transparent-header-meta":"","adv-header-id-meta":"","stick-header-meta":"","header-above-stick-meta":"","header-main-stick-meta":"","header-below-stick-meta":"","astra-migrate-meta-layouts":"default","ast-page-background-enabled":"default","ast-page-background-meta":{"desktop":{"background-color":"var(--ast-global-color-5)","background-image":"","background-repeat":"repeat","background-position":"center center","background-size":"auto","background-attachment":"scroll","background-type":"","background-media":"","overlay-type":"","overlay-color":"","overlay-opacity":"","overlay-gradient":""},"tablet":{"background-color":"","background-image":"","background-repeat":"repeat","background-position":"center center","background-size":"auto","background-attachment":"scroll","background-type":"","background-media":"","overlay-type":"","overlay-color":"","overlay-opacity":"","overlay-gradient":""},"mobile":{"background-color":"","background-image":"","background-repeat":"repeat","background-position":"center center","background-size":"auto","background-attachment":"scroll","background-type":"","background-media":"","overlay-type":"","overlay-color":"","overlay-opacity":"","overlay-gradient":""}},"ast-content-background-meta":{"desktop":{"background-color":"var(--ast-global-color-4)","background-image":"","background-repeat":"repeat","background-position":"center center","background-size":"auto","background-attachment":"scroll","background-type":"","background-media":"","overlay-type":"","overlay-color":"","overlay-opacity":"","overlay-gradient":""},"tablet":{"background-color":"var(--ast-global-color-4)","background-image":"","background-repeat":"repeat","background-position":"center center","background-size":"auto","background-attachment":"scroll","background-type":"","background-media":"","overlay-type":"","overlay-color":"","overlay-opacity":"","overlay-gradient":""},"mobile":{"background-color":"var(--ast-global-color-4)","background-image":"","background-repeat":"repeat","background-position":"center center","background-size":"auto","background-attachment":"scroll","background-type":"","background-media":"","overlay-type":"","overlay-color":"","overlay-opacity":"","overlay-gradient":""}},"footnotes":""},"class_list":["post-2","page","type-page","status-publish","hentry"],"jetpack_sharing_enabled":true,"_links":{"self":[{"href":"https:\/\/2r3d.fr\/index.php\/wp-json\/wp\/v2\/pages\/2","targetHints":{"allow":["GET"]}}],"collection":[{"href":"https:\/\/2r3d.fr\/index.php\/wp-json\/wp\/v2\/pages"}],"about":[{"href":"https:\/\/2r3d.fr\/index.php\/wp-json\/wp\/v2\/types\/page"}],"author":[{"embeddable":true,"href":"https:\/\/2r3d.fr\/index.php\/wp-json\/wp\/v2\/users\/1"}],"replies":[{"embeddable":true,"href":"https:\/\/2r3d.fr\/index.php\/wp-json\/wp\/v2\/comments?post=2"}],"version-history":[{"count":3,"href":"https:\/\/2r3d.fr\/index.php\/wp-json\/wp\/v2\/pages\/2\/revisions"}],"predecessor-version":[{"id":213,"href":"https:\/\/2r3d.fr\/index.php\/wp-json\/wp\/v2\/pages\/2\/revisions\/213"}],"wp:attachment":[{"href":"https:\/\/2r3d.fr\/index.php\/wp-json\/wp\/v2\/media?parent=2"}],"curies":[{"name":"wp","href":"https:\/\/api.w.org\/{rel}","templated":true}]}}