{"id":289,"date":"2025-09-14T18:57:44","date_gmt":"2025-09-14T16:57:44","guid":{"rendered":"https:\/\/2r3d.fr\/?page_id=289"},"modified":"2025-11-26T15:15:55","modified_gmt":"2025-11-26T14:15:55","slug":"imprimez-vos-pieces","status":"publish","type":"page","link":"https:\/\/2r3d.fr\/index.php\/imprimez-vos-pieces\/","title":{"rendered":"IMPRIMEZ VOS PIECES"},"content":{"rendered":"\n<figure class=\"wp-block-image aligncenter size-full is-resized\"><img loading=\"lazy\" decoding=\"async\" width=\"1024\" height=\"1024\" src=\"http:\/\/2r3d.fr\/wp-content\/uploads\/2025\/09\/Copilot_20250905_165644.png\" alt=\"\" class=\"wp-image-204\" style=\"object-fit:cover;width:274px;height:auto\" srcset=\"https:\/\/2r3d.fr\/wp-content\/uploads\/2025\/09\/Copilot_20250905_165644.png 1024w, https:\/\/2r3d.fr\/wp-content\/uploads\/2025\/09\/Copilot_20250905_165644-300x300.png 300w, https:\/\/2r3d.fr\/wp-content\/uploads\/2025\/09\/Copilot_20250905_165644-150x150.png 150w, https:\/\/2r3d.fr\/wp-content\/uploads\/2025\/09\/Copilot_20250905_165644-768x768.png 768w, https:\/\/2r3d.fr\/wp-content\/uploads\/2025\/09\/Copilot_20250905_165644-600x600.png 600w, https:\/\/2r3d.fr\/wp-content\/uploads\/2025\/09\/Copilot_20250905_165644-100x100.png 100w\" sizes=\"auto, (max-width: 1024px) 100vw, 1024px\" \/><\/figure>\n\n\n\n<p><em>Confiez l\u2019<\/em><strong>impression 3D de vos pi\u00e8ces sur-mesure<\/strong><em>&nbsp;\u00e0 2R3D, sp\u00e9cialiste de la&nbsp;<\/em><strong>fabrication additive \u00e0 la demande<\/strong><em>&nbsp;pour particuliers et professionnels. Gr\u00e2ce \u00e0 notre formulaire simple avec d\u00e9p\u00f4t de fichiers (formats STL, OBJ\u2026), obtenez rapidement un devis personnalis\u00e9 pour vos prototypes, pi\u00e8ces techniques, objets de d\u00e9coration ou composants sp\u00e9cifiques.<\/em><br><br><em>Notre \u00e9quipe accompagne chaque projet de la mod\u00e9lisation \u00e0 la livraison, utilisant des mat\u00e9riaux adapt\u00e9s (PLA, PETG\u2026) pour garantir la qualit\u00e9 de vos cr\u00e9ations uniques ou en petites s\u00e9ries. Profitez de notre expertise en&nbsp;<\/em><strong>impression 3D rapide, sur-mesure et locale<\/strong><em>, que vous soyez \u00e0 la recherche d\u2019un remplacement de pi\u00e8ce, d\u2019un cadeau personnalis\u00e9 ou d\u2019un prototype innovant. Envoyez votre fichier d\u00e8s maintenant pour recevoir votre estimation gratuite !<\/em><\/p>\n\n\n\n<div class=\"wp-block-buttons is-layout-flex wp-block-buttons-is-layout-flex\">\n<div class=\"wp-block-button\"><a class=\"wp-block-button__link wp-element-button\" href=\"mailto:contact@2r3d.fr?subject=Demande%20de%20devis%203D\">Envoyer nous un mail avec votre fichier pour obtenir un devis<\/a><\/div>\n<\/div>\n\n\n\n<p><\/p>\n","protected":false},"excerpt":{"rendered":"<p>Confiez l\u2019impression 3D de vos pi\u00e8ces sur-mesure&nbsp;\u00e0 2R3D, sp\u00e9cialiste de la&nbsp;fabrication additive \u00e0 la demande&nbsp;pour particuliers et professionnels. Gr\u00e2ce \u00e0 [&hellip;]<\/p>\n","protected":false},"author":1,"featured_media":0,"parent":0,"menu_order":0,"comment_status":"closed","ping_status":"closed","template":"","meta":{"site-sidebar-layout":"default","site-content-layout":"","ast-site-content-layout":"default","site-content-style":"default","site-sidebar-style":"default","ast-global-header-display":"","ast-banner-title-visibility":"","ast-main-header-display":"","ast-hfb-above-header-display":"","ast-hfb-below-header-display":"","ast-hfb-mobile-header-display":"","site-post-title":"","ast-breadcrumbs-content":"","ast-featured-img":"","footer-sml-layout":"","ast-disable-related-posts":"","theme-transparent-header-meta":"","adv-header-id-meta":"","stick-header-meta":"","header-above-stick-meta":"","header-main-stick-meta":"","header-below-stick-meta":"","astra-migrate-meta-layouts":"default","ast-page-background-enabled":"default","ast-page-background-meta":{"desktop":{"background-color":"var(--ast-global-color-5)","background-image":"","background-repeat":"repeat","background-position":"center center","background-size":"auto","background-attachment":"scroll","background-type":"","background-media":"","overlay-type":"","overlay-color":"","overlay-opacity":"","overlay-gradient":""},"tablet":{"background-color":"","background-image":"","background-repeat":"repeat","background-position":"center center","background-size":"auto","background-attachment":"scroll","background-type":"","background-media":"","overlay-type":"","overlay-color":"","overlay-opacity":"","overlay-gradient":""},"mobile":{"background-color":"","background-image":"","background-repeat":"repeat","background-position":"center center","background-size":"auto","background-attachment":"scroll","background-type":"","background-media":"","overlay-type":"","overlay-color":"","overlay-opacity":"","overlay-gradient":""}},"ast-content-background-meta":{"desktop":{"background-color":"var(--ast-global-color-4)","background-image":"","background-repeat":"repeat","background-position":"center center","background-size":"auto","background-attachment":"scroll","background-type":"","background-media":"","overlay-type":"","overlay-color":"","overlay-opacity":"","overlay-gradient":""},"tablet":{"background-color":"var(--ast-global-color-4)","background-image":"","background-repeat":"repeat","background-position":"center center","background-size":"auto","background-attachment":"scroll","background-type":"","background-media":"","overlay-type":"","overlay-color":"","overlay-opacity":"","overlay-gradient":""},"mobile":{"background-color":"var(--ast-global-color-4)","background-image":"","background-repeat":"repeat","background-position":"center center","background-size":"auto","background-attachment":"scroll","background-type":"","background-media":"","overlay-type":"","overlay-color":"","overlay-opacity":"","overlay-gradient":""}},"footnotes":""},"class_list":["post-289","page","type-page","status-publish","hentry"],"jetpack_sharing_enabled":true,"_links":{"self":[{"href":"https:\/\/2r3d.fr\/index.php\/wp-json\/wp\/v2\/pages\/289","targetHints":{"allow":["GET"]}}],"collection":[{"href":"https:\/\/2r3d.fr\/index.php\/wp-json\/wp\/v2\/pages"}],"about":[{"href":"https:\/\/2r3d.fr\/index.php\/wp-json\/wp\/v2\/types\/page"}],"author":[{"embeddable":true,"href":"https:\/\/2r3d.fr\/index.php\/wp-json\/wp\/v2\/users\/1"}],"replies":[{"embeddable":true,"href":"https:\/\/2r3d.fr\/index.php\/wp-json\/wp\/v2\/comments?post=289"}],"version-history":[{"count":9,"href":"https:\/\/2r3d.fr\/index.php\/wp-json\/wp\/v2\/pages\/289\/revisions"}],"predecessor-version":[{"id":329,"href":"https:\/\/2r3d.fr\/index.php\/wp-json\/wp\/v2\/pages\/289\/revisions\/329"}],"wp:attachment":[{"href":"https:\/\/2r3d.fr\/index.php\/wp-json\/wp\/v2\/media?parent=289"}],"curies":[{"name":"wp","href":"https:\/\/api.w.org\/{rel}","templated":true}]}}