{"id":350,"date":"2025-10-14T11:56:55","date_gmt":"2025-10-14T09:56:55","guid":{"rendered":"https:\/\/2r3d.fr\/?page_id=350"},"modified":"2025-10-14T16:13:39","modified_gmt":"2025-10-14T14:13:39","slug":"conseils-inspirations","status":"publish","type":"page","link":"https:\/\/2r3d.fr\/index.php\/conseils-inspirations\/","title":{"rendered":"Conseils &amp; Inspirations"},"content":{"rendered":"\n<h1 class=\"wp-block-heading has-text-align-center\">Conseils, Astuces et Id\u00e9es Cadeaux Personnalis\u00e9es<\/h1>\n\n\n\n<div style=\"height:54px\" aria-hidden=\"true\" class=\"wp-block-spacer\"><\/div>\n\n\n\n<h2 class=\"wp-block-heading\">D\u00e9couvrez nos conseils d\u2019entretien, nos id\u00e9es cadeaux personnalis\u00e9es et toute l\u2019inspiration 3D sign\u00e9e 2R3D.<\/h2>\n\n\n\n<p>Chez <strong>2R3D<\/strong>, on partage bien plus que des cr\u00e9ations : on partage un univers.<br>Dans cet espace d\u00e9di\u00e9 aux <strong>conseils, astuces et inspirations<\/strong>, on vous fait d\u00e9couvrir tout ce qu\u2019il faut savoir sur l\u2019<strong>impression 3D personnalis\u00e9e<\/strong> : comment entretenir vos objets d\u00e9coratifs, trouver des <strong>id\u00e9es cadeaux originales<\/strong>, ou encore sublimer votre int\u00e9rieur avec des pi\u00e8ces uniques.<\/p>\n\n\n\n<p>On y parle savoir-faire, cr\u00e9ativit\u00e9 et passion. Chaque article refl\u00e8te notre engagement pour la <strong>qualit\u00e9 artisanale<\/strong>, la <strong>personnalisation sur mesure<\/strong> et la <strong>magie de la lithophanie<\/strong>. Que l\u2019on cherche une id\u00e9e, une astuce ou un peu d\u2019inspiration, ici, on trouve toujours mati\u00e8re \u00e0 s\u2019\u00e9merveiller.<\/p>\n\n\n\n<div style=\"height:100px\" aria-hidden=\"true\" class=\"wp-block-spacer\"><\/div>\n\n\n<ul class=\"wp-block-categories-list wp-block-categories\">\t<li class=\"cat-item cat-item-32\"><a href=\"https:\/\/2r3d.fr\/index.php\/category\/entretien-astuces\/\">Entretien &amp; Astuces<\/a> (1)\n<\/li>\n\t<li class=\"cat-item cat-item-34\"><a href=\"https:\/\/2r3d.fr\/index.php\/category\/idees-cadeaux-occasions-speciales\/\">Id\u00e9es cadeaux &amp; occasions sp\u00e9ciales<\/a> (4)\n<\/li>\n\t<li class=\"cat-item cat-item-35\"><a href=\"https:\/\/2r3d.fr\/index.php\/category\/inspiration-deco-lifestyle\/\">Inspiration D\u00e9co &amp; Lifestyle<\/a> (3)\n<\/li>\n\t<li class=\"cat-item cat-item-33\"><a href=\"https:\/\/2r3d.fr\/index.php\/category\/personnalisation-produits-phares\/\">Personnalisation &amp; Produits phares<\/a> (4)\n<\/li>\n<\/ul>\n\n\n<div style=\"height:100px\" aria-hidden=\"true\" class=\"wp-block-spacer\"><\/div>\n\n\n<ul class=\"wp-block-latest-posts__list wp-block-latest-posts\"><li><a class=\"wp-block-latest-posts__post-title\" href=\"https:\/\/2r3d.fr\/index.php\/2025\/11\/26\/le-lutin-prenom-led-debarque-chez-2r3d\/\">Le Lutin Pr\u00e9nom LED d\u00e9barque chez 2R3D<\/a><div class=\"wp-block-latest-posts__post-excerpt\">A la recherche d\u2019un cadeau unique et magique pour No\u00ebl\u202f? 2R3D a le plaisir de vous pr\u00e9senter sa toute nouvelle cr\u00e9ation\u202f: le&nbsp;Lutin Pr\u00e9nom LED\u202f! Cette d\u00e9coration personnalisable, imagin\u00e9e et fabriqu\u00e9e localement, apportera instantan\u00e9ment une touche de fantaisie et de lumi\u00e8re \u00e0 votre int\u00e9rieur. Choisissez le pr\u00e9nom \u00e0 afficher, profitez d&rsquo;une grande lettre r\u00e9tro\u00e9clair\u00e9e par des\u2026 <a class=\"wp-block-latest-posts__read-more\" href=\"https:\/\/2r3d.fr\/index.php\/2025\/11\/26\/le-lutin-prenom-led-debarque-chez-2r3d\/\" rel=\"noopener noreferrer\">Lire la suite<span class=\"screen-reader-text\">\u00a0: Le Lutin Pr\u00e9nom LED d\u00e9barque chez 2R3D<\/span><\/a><\/div><\/li>\n<li><a class=\"wp-block-latest-posts__post-title\" href=\"https:\/\/2r3d.fr\/index.php\/2025\/11\/07\/decorations-de-noel-personnalisees-flocons-bottes-et-boules-avec-prenom-la-nouveaute-2r3d\/\">D\u00e9corations de No\u00ebl personnalis\u00e9es : flocons, bottes et boules avec pr\u00e9nom \u2013 la nouveaut\u00e9 2R3D<\/a><div class=\"wp-block-latest-posts__post-excerpt\">2R3D se met aux couleurs de No\u00ebl et vous propose sa nouvelle gamme de d\u00e9corations personnalis\u00e9es : flocons, bottes et boules, \u00e0 personnaliser avec le pr\u00e9nom de chaque membre de la famille ! R\u00e9inventez votre chemin\u00e9e ou votre sapin avec une touche unique : chaque d\u00e9coration est imprim\u00e9e en 3D dans notre atelier avec un\u2026 <a class=\"wp-block-latest-posts__read-more\" href=\"https:\/\/2r3d.fr\/index.php\/2025\/11\/07\/decorations-de-noel-personnalisees-flocons-bottes-et-boules-avec-prenom-la-nouveaute-2r3d\/\" rel=\"noopener noreferrer\">Lire la suite<span class=\"screen-reader-text\">\u00a0: D\u00e9corations de No\u00ebl personnalis\u00e9es : flocons, bottes et boules avec pr\u00e9nom \u2013 la nouveaut\u00e9 2R3D<\/span><\/a><\/div><\/li>\n<li><a class=\"wp-block-latest-posts__post-title\" href=\"https:\/\/2r3d.fr\/index.php\/2025\/11\/05\/porte-cle-prenom-personnalise-un-cadeau-artisanal-unique-et-sur-mesure\/\">Porte-cl\u00e9 Pr\u00e9nom Personnalis\u00e9 \u2013 Un cadeau artisanal, unique et sur-mesure<\/a><div class=\"wp-block-latest-posts__post-excerpt\">\u00c0 la recherche d\u2019une id\u00e9e cadeau originale, utile et pleine de sens\u202f? Le porte-cl\u00e9 pr\u00e9nom personnalis\u00e9 en impression 3D, r\u00e9alis\u00e9 par 2R3D en France, est la solution id\u00e9ale pour faire plaisir \u00e0 petits et grands. Un objet pratique et styl\u00e9Fabriqu\u00e9 en PLA, mat\u00e9riau \u00e9cologique et r\u00e9sistant, chaque porte-cl\u00e9 est con\u00e7u sur-mesure avec le pr\u00e9nom de\u2026 <a class=\"wp-block-latest-posts__read-more\" href=\"https:\/\/2r3d.fr\/index.php\/2025\/11\/05\/porte-cle-prenom-personnalise-un-cadeau-artisanal-unique-et-sur-mesure\/\" rel=\"noopener noreferrer\">Lire la suite<span class=\"screen-reader-text\">\u00a0: Porte-cl\u00e9 Pr\u00e9nom Personnalis\u00e9 \u2013 Un cadeau artisanal, unique et sur-mesure<\/span><\/a><\/div><\/li>\n<li><a class=\"wp-block-latest-posts__post-title\" href=\"https:\/\/2r3d.fr\/index.php\/2025\/11\/03\/la-lampe-3d-lithophanie-egypte-pyramides-illuminees-deco-unique\/\">LA Lampe 3D lithophanie \u00c9gypte \u2013 Pyramides illumin\u00e9es, d\u00e9co unique<\/a><div class=\"wp-block-latest-posts__post-excerpt\">\u2728 Nouvelle cr\u00e9ation exclusive\u202f: La Lampe \u00c9gyptienne \u2013 Laissez entrer la magie de l\u2019\u00c9gypte dans votre int\u00e9rieur\u202f! \u2728 Apr\u00e8s des semaines d\u2019inspiration et de conception, 2R3D a le plaisir de vous pr\u00e9senter sa toute derni\u00e8re cr\u00e9ation\u202f: la&nbsp;Lampe \u00c9gyptienne. \u00c9labor\u00e9e artisanalement en impression 3D \u00e0 partir de PLA SILK dor\u00e9, cette lampe est un hommage raffin\u00e9\u2026 <a class=\"wp-block-latest-posts__read-more\" href=\"https:\/\/2r3d.fr\/index.php\/2025\/11\/03\/la-lampe-3d-lithophanie-egypte-pyramides-illuminees-deco-unique\/\" rel=\"noopener noreferrer\">Lire la suite<span class=\"screen-reader-text\">\u00a0: LA Lampe 3D lithophanie \u00c9gypte \u2013 Pyramides illumin\u00e9es, d\u00e9co unique<\/span><\/a><\/div><\/li>\n<li><a class=\"wp-block-latest-posts__post-title\" href=\"https:\/\/2r3d.fr\/index.php\/2025\/10\/21\/decouvrez-les-nouveaux-vases-naia-et-yara\/\">D\u00e9couvrez les nouveaux vases Na\u00efa et Yara<\/a><div class=\"wp-block-latest-posts__post-excerpt\">D\u00e9couvrez les nouveaux vases Na\u00efa et Yara : l&rsquo;art de la d\u00e9coration en impression 3D Chez 2R3D, l&rsquo;innovation et l&rsquo;esth\u00e9tique se rencontrent pour sublimer votre int\u00e9rieur. Nous sommes fiers de vous pr\u00e9senter nos toutes derni\u00e8res cr\u00e9ations : les vases Na\u00efa et Yara, d\u00e9sormais disponibles \u00e0 la vente. Ces pi\u00e8ces uniques, fabriqu\u00e9es en impression 3D, incarnent\u2026 <a class=\"wp-block-latest-posts__read-more\" href=\"https:\/\/2r3d.fr\/index.php\/2025\/10\/21\/decouvrez-les-nouveaux-vases-naia-et-yara\/\" rel=\"noopener noreferrer\">Lire la suite<span class=\"screen-reader-text\">\u00a0: D\u00e9couvrez les nouveaux vases Na\u00efa et Yara<\/span><\/a><\/div><\/li>\n<\/ul>","protected":false},"excerpt":{"rendered":"<p>Conseils, Astuces et Id\u00e9es Cadeaux Personnalis\u00e9es D\u00e9couvrez nos conseils d\u2019entretien, nos id\u00e9es cadeaux personnalis\u00e9es et toute l\u2019inspiration 3D sign\u00e9e 2R3D. [&hellip;]<\/p>\n","protected":false},"author":1,"featured_media":0,"parent":0,"menu_order":0,"comment_status":"closed","ping_status":"closed","template":"","meta":{"site-sidebar-layout":"default","site-content-layout":"","ast-site-content-layout":"default","site-content-style":"default","site-sidebar-style":"default","ast-global-header-display":"","ast-banner-title-visibility":"","ast-main-header-display":"","ast-hfb-above-header-display":"","ast-hfb-below-header-display":"","ast-hfb-mobile-header-display":"","site-post-title":"disabled","ast-breadcrumbs-content":"","ast-featured-img":"","footer-sml-layout":"","ast-disable-related-posts":"","theme-transparent-header-meta":"","adv-header-id-meta":"","stick-header-meta":"","header-above-stick-meta":"","header-main-stick-meta":"","header-below-stick-meta":"","astra-migrate-meta-layouts":"default","ast-page-background-enabled":"default","ast-page-background-meta":{"desktop":{"background-color":"var(--ast-global-color-5)","background-image":"","background-repeat":"repeat","background-position":"center center","background-size":"auto","background-attachment":"scroll","background-type":"","background-media":"","overlay-type":"","overlay-color":"","overlay-opacity":"","overlay-gradient":""},"tablet":{"background-color":"","background-image":"","background-repeat":"repeat","background-position":"center center","background-size":"auto","background-attachment":"scroll","background-type":"","background-media":"","overlay-type":"","overlay-color":"","overlay-opacity":"","overlay-gradient":""},"mobile":{"background-color":"","background-image":"","background-repeat":"repeat","background-position":"center center","background-size":"auto","background-attachment":"scroll","background-type":"","background-media":"","overlay-type":"","overlay-color":"","overlay-opacity":"","overlay-gradient":""}},"ast-content-background-meta":{"desktop":{"background-color":"var(--ast-global-color-4)","background-image":"","background-repeat":"repeat","background-position":"center center","background-size":"auto","background-attachment":"scroll","background-type":"","background-media":"","overlay-type":"","overlay-color":"","overlay-opacity":"","overlay-gradient":""},"tablet":{"background-color":"var(--ast-global-color-4)","background-image":"","background-repeat":"repeat","background-position":"center center","background-size":"auto","background-attachment":"scroll","background-type":"","background-media":"","overlay-type":"","overlay-color":"","overlay-opacity":"","overlay-gradient":""},"mobile":{"background-color":"var(--ast-global-color-4)","background-image":"","background-repeat":"repeat","background-position":"center center","background-size":"auto","background-attachment":"scroll","background-type":"","background-media":"","overlay-type":"","overlay-color":"","overlay-opacity":"","overlay-gradient":""}},"footnotes":""},"class_list":["post-350","page","type-page","status-publish","hentry"],"jetpack_sharing_enabled":true,"_links":{"self":[{"href":"https:\/\/2r3d.fr\/index.php\/wp-json\/wp\/v2\/pages\/350","targetHints":{"allow":["GET"]}}],"collection":[{"href":"https:\/\/2r3d.fr\/index.php\/wp-json\/wp\/v2\/pages"}],"about":[{"href":"https:\/\/2r3d.fr\/index.php\/wp-json\/wp\/v2\/types\/page"}],"author":[{"embeddable":true,"href":"https:\/\/2r3d.fr\/index.php\/wp-json\/wp\/v2\/users\/1"}],"replies":[{"embeddable":true,"href":"https:\/\/2r3d.fr\/index.php\/wp-json\/wp\/v2\/comments?post=350"}],"version-history":[{"count":12,"href":"https:\/\/2r3d.fr\/index.php\/wp-json\/wp\/v2\/pages\/350\/revisions"}],"predecessor-version":[{"id":377,"href":"https:\/\/2r3d.fr\/index.php\/wp-json\/wp\/v2\/pages\/350\/revisions\/377"}],"wp:attachment":[{"href":"https:\/\/2r3d.fr\/index.php\/wp-json\/wp\/v2\/media?parent=350"}],"curies":[{"name":"wp","href":"https:\/\/api.w.org\/{rel}","templated":true}]}}