{"id":175,"date":"2025-09-05T11:48:08","date_gmt":"2025-09-05T09:48:08","guid":{"rendered":"https:\/\/2r3d.fr\/?post_type=product&#038;p=175"},"modified":"2026-05-08T03:26:21","modified_gmt":"2026-05-08T01:26:21","slug":"lampe-camargue-taureau","status":"publish","type":"product","link":"https:\/\/2r3d.fr\/index.php\/produit\/lampe-camargue-taureau\/","title":{"rendered":"LAMPE CAMARGUE TAUREAU"},"content":{"rendered":"<p class=\"my-2 [&amp;+p]:mt-4 [&amp;_strong:has(+br)]:inline-block [&amp;_strong:has(+br)]:pb-2\"><span dir=\"auto\">La\u00a0<\/span><strong><span dir=\"auto\">lampe Camargue<\/span><\/strong><span dir=\"auto\"> <strong>taureau <\/strong>est une pi\u00e8ce d\u00e9corative unique qui apporte \u00e0 la fois \u00e9l\u00e9gance et authenticit\u00e9 \u00e0 votre int\u00e9rieur. Ce luminaire se distingue par son pied en PTEG, repr\u00e9sentant la croix embl\u00e9matique de Camargue surmont\u00e9e d&rsquo;un taureau sculpt\u00e9 avec finesse, symbole fort de la r\u00e9gion. Son abat-jour en PLA sp\u00e9cial lithophanie diffuse une lumi\u00e8re douce et chaleureuse, r\u00e9v\u00e9lant un paysage camarguais d\u00e9taill\u00e9 d\u00e8s que la lampe est allum\u00e9e.<\/span><\/p>\n<h4 class=\"mb-2 mt-4 font-display font-semimedium text-base first:mt-0\"><span dir=\"auto\">Caract\u00e9ristiques techniques<\/span><\/h4>\n<ul class=\"marker:text-quiet list-disc\">\n<li class=\"py-0 my-0 prose-p:pt-0 prose-p:mb-2 prose-p:my-0 [&amp;&gt;p]:pt-0 [&amp;&gt;p]:mb-2 [&amp;&gt;p]:my-0\">\n<p class=\"my-2 [&amp;+p]:mt-4 [&amp;_strong:has(+br)]:inline-block [&amp;_strong:has(+br)]:pb-2\"><span dir=\"auto\">Dimensions : 17 x 13 x 40 cm, id\u00e9al pour une table de chevet, un bureau ou un salon.<\/span><\/p>\n<\/li>\n<li class=\"py-0 my-0 prose-p:pt-0 prose-p:mb-2 prose-p:my-0 [&amp;&gt;p]:pt-0 [&amp;&gt;p]:mb-2 [&amp;&gt;p]:my-0\">\n<p class=\"my-2 [&amp;+p]:mt-4 [&amp;_strong:has(+br)]:inline-block [&amp;_strong:has(+br)]:pb-2\"><span dir=\"auto\">Pied en PTEG robuste et \u00e9cologique, con\u00e7u pour durer tout en valorisant un savoir-faire local.<\/span><\/p>\n<\/li>\n<li class=\"py-0 my-0 prose-p:pt-0 prose-p:mb-2 prose-p:my-0 [&amp;&gt;p]:pt-0 [&amp;&gt;p]:mb-2 [&amp;&gt;p]:my-0\">\n<p class=\"my-2 [&amp;+p]:mt-4 [&amp;_strong:has(+br)]:inline-block [&amp;_strong:has(+br)]:pb-2\"><span dir=\"auto\">Abat-jour lithophanie : fabrication en PLA, laissant appara\u00eetre un paysage authentique de la Camargue gr\u00e2ce \u00e0 la technique de lithophanie qui offre des effets d&rsquo;ombres et de relief.<\/span><\/p>\n<\/li>\n<li class=\"py-0 my-0 prose-p:pt-0 prose-p:mb-2 prose-p:my-0 [&amp;&gt;p]:pt-0 [&amp;&gt;p]:mb-2 [&amp;&gt;p]:my-0\">\n<p class=\"my-2 [&amp;+p]:mt-4 [&amp;_strong:has(+br)]:inline-block [&amp;_strong:has(+br)]:pb-2\"><span dir=\"auto\">Fonctionne exclusivement avec une ampoule LED (non fournie), garantissant une utilisation sans d\u00e9gagement de chaleur et \u00e9conomie d&rsquo;\u00e9nergie.<\/span><\/p>\n<\/li>\n<li class=\"py-0 my-0 prose-p:pt-0 prose-p:mb-2 prose-p:my-0 [&amp;&gt;p]:pt-0 [&amp;&gt;p]:mb-2 [&amp;&gt;p]:my-0\">\n<p class=\"my-2 [&amp;+p]:mt-4 [&amp;_strong:has(+br)]:inline-block [&amp;_strong:has(+br)]:pb-2\"><span dir=\"auto\">Design iconique : la croix de Camargue et le taureau reprennent les codes traditionnels, parfaits pour les amateurs d&rsquo;artisanat ou de d\u00e9coration r\u00e9gionale.<\/span><\/p>\n<\/li>\n<\/ul>\n<h4 class=\"mb-2 mt-4 font-display font-semimedium text-base first:mt-0\"><span dir=\"auto\">Utilisation et entretien<\/span><\/h4>\n<p class=\"my-2 [&amp;+p]:mt-4 [&amp;_strong:has(+br)]:inline-block [&amp;_strong:has(+br)]:pb-2\"><span dir=\"auto\">La lampe est pens\u00e9e pour un usage quotidien, garantissant s\u00e9curit\u00e9 et durabilit\u00e9 gr\u00e2ce aux mat\u00e9riaux choisis. Seule une ampoule LED doit \u00eatre utilis\u00e9e afin de pr\u00e9server au mieux la lithophanie et \u00e9viter toute surchauffe. Nettoyer simplement \u00e0 l&rsquo;aide d&rsquo;un chiffon doux sec.<\/span><\/p>\n<h4 class=\"mb-2 mt-4 font-display font-semimedium text-base first:mt-0\"><span dir=\"auto\">Points forts<\/span><\/h4>\n<ul class=\"marker:text-quiet list-disc\">\n<li class=\"py-0 my-0 prose-p:pt-0 prose-p:mb-2 prose-p:my-0 [&amp;&gt;p]:pt-0 [&amp;&gt;p]:mb-2 [&amp;&gt;p]:my-0\">\n<p class=\"my-2 [&amp;+p]:mt-4 [&amp;_strong:has(+br)]:inline-block [&amp;_strong:has(+br)]:pb-2\"><span dir=\"auto\">D\u00e9coration typique : immersion dans l&rsquo;univers camarguais avec une pi\u00e8ce centrale pleine de caract\u00e8re.<\/span><\/p>\n<\/li>\n<li class=\"py-0 my-0 prose-p:pt-0 prose-p:mb-2 prose-p:my-0 [&amp;&gt;p]:pt-0 [&amp;&gt;p]:mb-2 [&amp;&gt;p]:my-0\">\n<p class=\"my-2 [&amp;+p]:mt-4 [&amp;_strong:has(+br)]:inline-block [&amp;_strong:has(+br)]:pb-2\"><span dir=\"auto\">\u00c9co-conception : mat\u00e9riaux innovants et respectueux de l&rsquo;environnement.<\/span><\/p>\n<\/li>\n<li class=\"py-0 my-0 prose-p:pt-0 prose-p:mb-2 prose-p:my-0 [&amp;&gt;p]:pt-0 [&amp;&gt;p]:mb-2 [&amp;&gt;p]:my-0\">\n<p class=\"my-2 [&amp;+p]:mt-4 [&amp;_strong:has(+br)]:inline-block [&amp;_strong:has(+br)]:pb-2\"><span dir=\"auto\">Id\u00e9al pour cr\u00e9er une ambiance chaleureuse et r\u00e9gionale dans n&rsquo;importe quelle pi\u00e8ce.<\/span><\/p>\n<\/li>\n<\/ul>\n<p class=\"my-2 [&amp;+p]:mt-4 [&amp;_strong:has(+br)]:inline-block [&amp;_strong:has(+br)]:pb-2\"><span dir=\"auto\">Ajoutez une touche d&rsquo;authenticit\u00e9 \u00e0 votre d\u00e9coration avec cette lampe taureau, hommage \u00e0 la Camargue et \u00e0 ses symboles forts<\/span><\/p>\n","protected":false},"excerpt":{"rendered":"<p>Lampe taureau Camargue, pied en PTEG avec croix de Camargue et taureau, abat-jour en PLA sp\u00e9cial lithophanie avec paysage camarguais, dimensions 17x13x40 cm. Fonctionne uniquement avec ampoule LED (non fournie). Id\u00e9ale pour une d\u00e9coration authentique et chaleureuse inspir\u00e9e de la tradition camarguaise.<\/p>\n","protected":false},"featured_media":240,"comment_status":"open","ping_status":"closed","template":"","meta":{"site-sidebar-layout":"default","site-content-layout":"","ast-site-content-layout":"default","site-content-style":"default","site-sidebar-style":"default","ast-global-header-display":"","ast-banner-title-visibility":"","ast-main-header-display":"","ast-hfb-above-header-display":"","ast-hfb-below-header-display":"","ast-hfb-mobile-header-display":"","site-post-title":"","ast-breadcrumbs-content":"","ast-featured-img":"","footer-sml-layout":"","ast-disable-related-posts":"","theme-transparent-header-meta":"default","adv-header-id-meta":"","stick-header-meta":"","header-above-stick-meta":"","header-main-stick-meta":"","header-below-stick-meta":"","astra-migrate-meta-layouts":"set","ast-page-background-enabled":"default","ast-page-background-meta":{"desktop":{"background-color":"var(--ast-global-color-5)","background-image":"","background-repeat":"repeat","background-position":"center center","background-size":"auto","background-attachment":"scroll","background-type":"","background-media":"","overlay-type":"","overlay-color":"","overlay-opacity":"","overlay-gradient":""},"tablet":{"background-color":"","background-image":"","background-repeat":"repeat","background-position":"center center","background-size":"auto","background-attachment":"scroll","background-type":"","background-media":"","overlay-type":"","overlay-color":"","overlay-opacity":"","overlay-gradient":""},"mobile":{"background-color":"","background-image":"","background-repeat":"repeat","background-position":"center center","background-size":"auto","background-attachment":"scroll","background-type":"","background-media":"","overlay-type":"","overlay-color":"","overlay-opacity":"","overlay-gradient":""}},"ast-content-background-meta":{"desktop":{"background-color":"var(--ast-global-color-4)","background-image":"","background-repeat":"repeat","background-position":"center center","background-size":"auto","background-attachment":"scroll","background-type":"","background-media":"","overlay-type":"","overlay-color":"","overlay-opacity":"","overlay-gradient":""},"tablet":{"background-color":"var(--ast-global-color-4)","background-image":"","background-repeat":"repeat","background-position":"center center","background-size":"auto","background-attachment":"scroll","background-type":"","background-media":"","overlay-type":"","overlay-color":"","overlay-opacity":"","overlay-gradient":""},"mobile":{"background-color":"var(--ast-global-color-4)","background-image":"","background-repeat":"repeat","background-position":"center center","background-size":"auto","background-attachment":"scroll","background-type":"","background-media":"","overlay-type":"","overlay-color":"","overlay-opacity":"","overlay-gradient":""}}},"product_brand":[],"product_cat":[20,27],"product_tag":[],"class_list":{"0":"post-175","1":"product","2":"type-product","3":"status-publish","4":"has-post-thumbnail","6":"product_cat-luminaires","7":"product_cat-camargue","8":"desktop-align-left","9":"tablet-align-left","10":"mobile-align-left","12":"first","13":"instock","14":"shipping-taxable","15":"purchasable","16":"product-type-simple"},"jetpack_sharing_enabled":true,"_links":{"self":[{"href":"https:\/\/2r3d.fr\/index.php\/wp-json\/wp\/v2\/product\/175","targetHints":{"allow":["GET"]}}],"collection":[{"href":"https:\/\/2r3d.fr\/index.php\/wp-json\/wp\/v2\/product"}],"about":[{"href":"https:\/\/2r3d.fr\/index.php\/wp-json\/wp\/v2\/types\/product"}],"replies":[{"embeddable":true,"href":"https:\/\/2r3d.fr\/index.php\/wp-json\/wp\/v2\/comments?post=175"}],"wp:featuredmedia":[{"embeddable":true,"href":"https:\/\/2r3d.fr\/index.php\/wp-json\/wp\/v2\/media\/240"}],"wp:attachment":[{"href":"https:\/\/2r3d.fr\/index.php\/wp-json\/wp\/v2\/media?parent=175"}],"wp:term":[{"taxonomy":"product_brand","embeddable":true,"href":"https:\/\/2r3d.fr\/index.php\/wp-json\/wp\/v2\/product_brand?post=175"},{"taxonomy":"product_cat","embeddable":true,"href":"https:\/\/2r3d.fr\/index.php\/wp-json\/wp\/v2\/product_cat?post=175"},{"taxonomy":"product_tag","embeddable":true,"href":"https:\/\/2r3d.fr\/index.php\/wp-json\/wp\/v2\/product_tag?post=175"}],"curies":[{"name":"wp","href":"https:\/\/api.w.org\/{rel}","templated":true}]}}