{"id":273,"date":"2025-09-10T16:47:25","date_gmt":"2025-09-10T14:47:25","guid":{"rendered":"https:\/\/2r3d.fr\/?post_type=product&#038;p=273"},"modified":"2026-05-08T03:25:09","modified_gmt":"2026-05-08T01:25:09","slug":"le-taureau-pot-de-fleur","status":"publish","type":"product","link":"https:\/\/2r3d.fr\/index.php\/produit\/le-taureau-pot-de-fleur\/","title":{"rendered":"LE TAUREAU Pot de fleur"},"content":{"rendered":"<p class=\"my-2 [&amp;+p]:mt-4 [&amp;_strong:has(+br)]:inline-block [&amp;_strong:has(+br)]:pb-2\"><span dir=\"auto\">Apportez une touche unique et authentique \u00e0 votre int\u00e9rieur avec ce\u00a0<\/span><strong><span dir=\"auto\">pot d\u00e9coratif taureau en PETG<\/span><\/strong><span dir=\"auto\">\u00a0, une cr\u00e9ation originale venant enrichir notre\u00a0<\/span><strong><span dir=\"auto\">collection sp\u00e9ciale CAMARGUE<\/span><\/strong><span dir=\"auto\">\u00a0. Sculptural et symbolique, ce pot met en avant la force et l&rsquo;\u00e9l\u00e9gance du taureau camarguais, sublim\u00e9 par une finition noire brillante.<\/span><\/p>\n<p class=\"my-2 [&amp;+p]:mt-4 [&amp;_strong:has(+br)]:inline-block [&amp;_strong:has(+br)]:pb-2\"><span dir=\"auto\">Avec ses\u00a0<\/span><strong><span dir=\"auto\">dimensions g\u00e9n\u00e9reuses de 24 x 14 x 34 cm<\/span><\/strong><span dir=\"auto\">\u00a0, il trouve parfaitement sa place sur une table, une \u00e9tag\u00e8re ou un meuble de salon. Solide et durable, le mat\u00e9riau PETG imprim\u00e9 en 3D garantit une excellente robustesse tout en offrant un rendu moderne et raffin\u00e9.<\/span><\/p>\n<p class=\"my-2 [&amp;+p]:mt-4 [&amp;_strong:has(+br)]:inline-block [&amp;_strong:has(+br)]:pb-2\"><span dir=\"auto\">Ce\u00a0<\/span><strong><span dir=\"auto\">pot design est vendu vide<\/span><\/strong><span dir=\"auto\">\u00a0: libre \u00e0 vous de l&rsquo;agr\u00e9menter de plantes, fleurs ou m\u00eame de l&rsquo;utiliser comme objet d\u00e9coratif seul. La photo illustrant des plantes est donn\u00e9e \u00e0 titre d&rsquo;exemple pour inspirer vos compositions.<\/span><\/p>\n<p class=\"my-2 [&amp;+p]:mt-4 [&amp;_strong:has(+br)]:inline-block [&amp;_strong:has(+br)]:pb-2\"><span dir=\"auto\">Un objet de caract\u00e8re qui allie tradition camarguaise et design contemporain, parfait pour ceux qui souhaitent un\u00a0<\/span><strong><span dir=\"auto\">\u00e9l\u00e9ment d\u00e9coratif unique et artisanal<\/span><\/strong><span dir=\"auto\">\u00a0.<\/span><\/p>\n","protected":false},"excerpt":{"rendered":"<p>Pot d\u00e9coratif taureau en PETG noir, inspir\u00e9 de l&rsquo;esprit camarguais. Dimensions 24 x 14 x 34 cm. Objet design vendu vide, id\u00e9al pour plantes, fleurs ou d\u00e9coration int\u00e9rieure.<\/p>\n","protected":false},"featured_media":275,"comment_status":"open","ping_status":"closed","template":"","meta":{"site-sidebar-layout":"default","site-content-layout":"","ast-site-content-layout":"default","site-content-style":"default","site-sidebar-style":"default","ast-global-header-display":"","ast-banner-title-visibility":"","ast-main-header-display":"","ast-hfb-above-header-display":"","ast-hfb-below-header-display":"","ast-hfb-mobile-header-display":"","site-post-title":"","ast-breadcrumbs-content":"","ast-featured-img":"","footer-sml-layout":"","ast-disable-related-posts":"","theme-transparent-header-meta":"default","adv-header-id-meta":"","stick-header-meta":"","header-above-stick-meta":"","header-main-stick-meta":"","header-below-stick-meta":"","astra-migrate-meta-layouts":"set","ast-page-background-enabled":"default","ast-page-background-meta":{"desktop":{"background-color":"var(--ast-global-color-5)","background-image":"","background-repeat":"repeat","background-position":"center center","background-size":"auto","background-attachment":"scroll","background-type":"","background-media":"","overlay-type":"","overlay-color":"","overlay-opacity":"","overlay-gradient":""},"tablet":{"background-color":"","background-image":"","background-repeat":"repeat","background-position":"center center","background-size":"auto","background-attachment":"scroll","background-type":"","background-media":"","overlay-type":"","overlay-color":"","overlay-opacity":"","overlay-gradient":""},"mobile":{"background-color":"","background-image":"","background-repeat":"repeat","background-position":"center center","background-size":"auto","background-attachment":"scroll","background-type":"","background-media":"","overlay-type":"","overlay-color":"","overlay-opacity":"","overlay-gradient":""}},"ast-content-background-meta":{"desktop":{"background-color":"var(--ast-global-color-4)","background-image":"","background-repeat":"repeat","background-position":"center center","background-size":"auto","background-attachment":"scroll","background-type":"","background-media":"","overlay-type":"","overlay-color":"","overlay-opacity":"","overlay-gradient":""},"tablet":{"background-color":"var(--ast-global-color-4)","background-image":"","background-repeat":"repeat","background-position":"center center","background-size":"auto","background-attachment":"scroll","background-type":"","background-media":"","overlay-type":"","overlay-color":"","overlay-opacity":"","overlay-gradient":""},"mobile":{"background-color":"var(--ast-global-color-4)","background-image":"","background-repeat":"repeat","background-position":"center center","background-size":"auto","background-attachment":"scroll","background-type":"","background-media":"","overlay-type":"","overlay-color":"","overlay-opacity":"","overlay-gradient":""}}},"product_brand":[],"product_cat":[27,22],"product_tag":[],"class_list":{"0":"post-273","1":"product","2":"type-product","3":"status-publish","4":"has-post-thumbnail","6":"product_cat-camargue","7":"product_cat-pot-de-fleurs","8":"desktop-align-left","9":"tablet-align-left","10":"mobile-align-left","12":"first","13":"instock","14":"shipping-taxable","15":"purchasable","16":"product-type-simple"},"jetpack_sharing_enabled":true,"_links":{"self":[{"href":"https:\/\/2r3d.fr\/index.php\/wp-json\/wp\/v2\/product\/273","targetHints":{"allow":["GET"]}}],"collection":[{"href":"https:\/\/2r3d.fr\/index.php\/wp-json\/wp\/v2\/product"}],"about":[{"href":"https:\/\/2r3d.fr\/index.php\/wp-json\/wp\/v2\/types\/product"}],"replies":[{"embeddable":true,"href":"https:\/\/2r3d.fr\/index.php\/wp-json\/wp\/v2\/comments?post=273"}],"wp:featuredmedia":[{"embeddable":true,"href":"https:\/\/2r3d.fr\/index.php\/wp-json\/wp\/v2\/media\/275"}],"wp:attachment":[{"href":"https:\/\/2r3d.fr\/index.php\/wp-json\/wp\/v2\/media?parent=273"}],"wp:term":[{"taxonomy":"product_brand","embeddable":true,"href":"https:\/\/2r3d.fr\/index.php\/wp-json\/wp\/v2\/product_brand?post=273"},{"taxonomy":"product_cat","embeddable":true,"href":"https:\/\/2r3d.fr\/index.php\/wp-json\/wp\/v2\/product_cat?post=273"},{"taxonomy":"product_tag","embeddable":true,"href":"https:\/\/2r3d.fr\/index.php\/wp-json\/wp\/v2\/product_tag?post=273"}],"curies":[{"name":"wp","href":"https:\/\/api.w.org\/{rel}","templated":true}]}}