{"id":340,"date":"2025-10-03T08:00:34","date_gmt":"2025-10-03T06:00:34","guid":{"rendered":"https:\/\/2r3d.fr\/?post_type=product&#038;p=340"},"modified":"2026-05-04T19:29:03","modified_gmt":"2026-05-04T17:29:03","slug":"le-cube-lithophanie","status":"publish","type":"product","link":"https:\/\/2r3d.fr\/index.php\/produit\/le-cube-lithophanie\/","title":{"rendered":"Le cube lithophanie"},"content":{"rendered":"<p>Le<strong> Cube Lithophanie 4 faces<\/strong> est bien plus qu&rsquo;un simple objet d\u00e9coratif : <em>c&rsquo;est une v\u00e9ritable galerie lumineuse \u00e0 la maison<\/em>.<br \/>\nFabriqu\u00e9 artisanalement en PLA sp\u00e9cial Lithophanie, ce cube aux dimensions pr\u00e9cises de 150 x 150 mm sublime jusqu&rsquo;\u00e0 4 photos carr\u00e9es, grav\u00e9es avec un incroyable niveau de d\u00e9tail.<br \/>\nGr\u00e2ce \u00e0 sa douille E14 int\u00e9gr\u00e9e et \u00e0 son c\u00e2ble avec prise secteur et interrupteur, il s&rsquo;installe facilement dans toutes les pi\u00e8ces, offrant une ambiance chaleureuse, personnalis\u00e9e et apaisante.<\/p>\n<p>L\u00e9ger avec ses 550 grammes, il garantit une stabilit\u00e9 optimale, tout en mettant en lumi\u00e8re vos souvenirs de mani\u00e8re \u00e9l\u00e9gante et originale. Son mat\u00e9riau sp\u00e9cifique assure une diffusion douce et homog\u00e8ne pour faire ressortir chaque pixel de vos images, r\u00e9v\u00e9lant ainsi leurs nuances et textures \u00e0 travers la lumi\u00e8re. Compatible avec les normes CE, ce produit allie s\u00e9curit\u00e9 et durabilit\u00e9, id\u00e9al pour un usage quotidien.<\/p>\n<p>Que ce soit pour offrir un cadeau unique, pour d\u00e9corer un salon, une chambre ou un bureau, le Cube Lithophanie s&rsquo;int\u00e8gre parfaitement dans tout type d&rsquo;int\u00e9rieur.<br \/>\nSa finition minutieuse et son design \u00e9pur\u00e9 en font un objet tendance et innovant qui parle \u00e0 l&rsquo;\u00e9motion, combinant technologie 3D et artisanat.<\/p>\n<p><strong> Offrez la magie d&rsquo;un souvenir lumineux et personnalis\u00e9, et laissez la lithophanie porter vos images dans une nouvelle dimension esth\u00e9tique.<\/strong><\/p>\n","protected":false},"excerpt":{"rendered":"<p>Sublimez vos photos avec le Cube Lithophanie 4 faces ! Dimensions 150&#215;150 mm, douille E14 et prise secteur.<br \/>\nCon\u00e7u en PLA sp\u00e9cial Lithophanie, il affiche quatre photos carr\u00e9es grav\u00e9es. S\u00e9curis\u00e9 (norme CE), poids 550g. Une id\u00e9e cadeau originale et d\u00e9corative pour personnaliser vos espaces<\/p>\n","protected":false},"featured_media":341,"comment_status":"open","ping_status":"closed","template":"","meta":{"site-sidebar-layout":"default","site-content-layout":"","ast-site-content-layout":"default","site-content-style":"default","site-sidebar-style":"default","ast-global-header-display":"","ast-banner-title-visibility":"","ast-main-header-display":"","ast-hfb-above-header-display":"","ast-hfb-below-header-display":"","ast-hfb-mobile-header-display":"","site-post-title":"","ast-breadcrumbs-content":"","ast-featured-img":"","footer-sml-layout":"","ast-disable-related-posts":"","theme-transparent-header-meta":"default","adv-header-id-meta":"","stick-header-meta":"","header-above-stick-meta":"","header-main-stick-meta":"","header-below-stick-meta":"","astra-migrate-meta-layouts":"set","ast-page-background-enabled":"default","ast-page-background-meta":{"desktop":{"background-color":"var(--ast-global-color-5)","background-image":"","background-repeat":"repeat","background-position":"center center","background-size":"auto","background-attachment":"scroll","background-type":"","background-media":"","overlay-type":"","overlay-color":"","overlay-opacity":"","overlay-gradient":""},"tablet":{"background-color":"","background-image":"","background-repeat":"repeat","background-position":"center center","background-size":"auto","background-attachment":"scroll","background-type":"","background-media":"","overlay-type":"","overlay-color":"","overlay-opacity":"","overlay-gradient":""},"mobile":{"background-color":"","background-image":"","background-repeat":"repeat","background-position":"center center","background-size":"auto","background-attachment":"scroll","background-type":"","background-media":"","overlay-type":"","overlay-color":"","overlay-opacity":"","overlay-gradient":""}},"ast-content-background-meta":{"desktop":{"background-color":"var(--ast-global-color-4)","background-image":"","background-repeat":"repeat","background-position":"center center","background-size":"auto","background-attachment":"scroll","background-type":"","background-media":"","overlay-type":"","overlay-color":"","overlay-opacity":"","overlay-gradient":""},"tablet":{"background-color":"var(--ast-global-color-4)","background-image":"","background-repeat":"repeat","background-position":"center center","background-size":"auto","background-attachment":"scroll","background-type":"","background-media":"","overlay-type":"","overlay-color":"","overlay-opacity":"","overlay-gradient":""},"mobile":{"background-color":"var(--ast-global-color-4)","background-image":"","background-repeat":"repeat","background-position":"center center","background-size":"auto","background-attachment":"scroll","background-type":"","background-media":"","overlay-type":"","overlay-color":"","overlay-opacity":"","overlay-gradient":""}}},"product_brand":[],"product_cat":[21,20,38],"product_tag":[],"class_list":{"0":"post-340","1":"product","2":"type-product","3":"status-publish","4":"has-post-thumbnail","6":"product_cat-lithophanie","7":"product_cat-luminaires","8":"product_cat-objets-personnalises","9":"desktop-align-left","10":"tablet-align-left","11":"mobile-align-left","13":"first","14":"instock","15":"shipping-taxable","16":"purchasable","17":"product-type-simple"},"jetpack_sharing_enabled":true,"_links":{"self":[{"href":"https:\/\/2r3d.fr\/index.php\/wp-json\/wp\/v2\/product\/340","targetHints":{"allow":["GET"]}}],"collection":[{"href":"https:\/\/2r3d.fr\/index.php\/wp-json\/wp\/v2\/product"}],"about":[{"href":"https:\/\/2r3d.fr\/index.php\/wp-json\/wp\/v2\/types\/product"}],"replies":[{"embeddable":true,"href":"https:\/\/2r3d.fr\/index.php\/wp-json\/wp\/v2\/comments?post=340"}],"wp:featuredmedia":[{"embeddable":true,"href":"https:\/\/2r3d.fr\/index.php\/wp-json\/wp\/v2\/media\/341"}],"wp:attachment":[{"href":"https:\/\/2r3d.fr\/index.php\/wp-json\/wp\/v2\/media?parent=340"}],"wp:term":[{"taxonomy":"product_brand","embeddable":true,"href":"https:\/\/2r3d.fr\/index.php\/wp-json\/wp\/v2\/product_brand?post=340"},{"taxonomy":"product_cat","embeddable":true,"href":"https:\/\/2r3d.fr\/index.php\/wp-json\/wp\/v2\/product_cat?post=340"},{"taxonomy":"product_tag","embeddable":true,"href":"https:\/\/2r3d.fr\/index.php\/wp-json\/wp\/v2\/product_tag?post=340"}],"curies":[{"name":"wp","href":"https:\/\/api.w.org\/{rel}","templated":true}]}}