{"id":385,"date":"2025-10-21T17:40:53","date_gmt":"2025-10-21T15:40:53","guid":{"rendered":"https:\/\/2r3d.fr\/?post_type=product&#038;p=385"},"modified":"2025-10-21T17:40:53","modified_gmt":"2025-10-21T15:40:53","slug":"vase-naia","status":"publish","type":"product","link":"https:\/\/2r3d.fr\/index.php\/produit\/vase-naia\/","title":{"rendered":"Vase NA\u00cfA"},"content":{"rendered":"<p>Les vases <strong><span class=\"notion-enable-hover\" data-token-index=\"1\">NA\u00cfA<\/span> <\/strong>incarnent l\u2019alliance parfaite entre technologie et esth\u00e9tisme.<\/p>\n<p>Imprim\u00e9s en 3D avec du <span class=\"notion-enable-hover\" data-token-index=\"3\">PLA SILK<\/span>, ils offrent une finition brillante et soyeuse qui capte la lumi\u00e8re et attire le regard. Leur forme torsad\u00e9e et \u00e9pur\u00e9e apporte une touche contemporaine \u00e0 tout espace, qu\u2019il soit minimaliste, boh\u00e8me ou scandinave.<br \/>\nPropos\u00e9s en <span class=\"notion-enable-hover\" data-token-index=\"5\">deux hauteurs<\/span> (245 mm et 200 mm), les vases NA\u00cfA se d\u00e9clinent en <span class=\"notion-enable-hover\" data-token-index=\"7\">trois coloris raffin\u00e9s<\/span> : bleu clair pour une ambiance douce et apaisante, blanc pour une \u00e9l\u00e9gance intemporelle, et bronze pour une note chaleureuse et sophistiqu\u00e9e.<\/p>\n<p>Ces cr\u00e9ations artisanales sont destin\u00e9es \u00e0 un <span class=\"notion-enable-hover\" data-token-index=\"9\">usage d\u00e9coratif uniquement<\/span> (non alimentaire). Elles sont id\u00e9ales pour embellir une \u00e9tag\u00e8re, une table ou un bureau, seules ou en composition.<br \/>\nChaque vase est une pi\u00e8ce unique, con\u00e7ue avec soin pour valoriser votre d\u00e9coration int\u00e9rieure tout en refl\u00e9tant votre sens du d\u00e9tail.<\/p>\n<p>\ud83d\udc49<strong> <span class=\"notion-enable-hover\" data-token-index=\"11\">Parfait pour les amateurs de design, les cadeaux personnalis\u00e9s ou les ambiances zen et modernes.<\/span><\/strong><\/p>\n","protected":false},"excerpt":{"rendered":"<p>Sublimez votre int\u00e9rieur avec les vases NA\u00cfA en PLA SILK imprim\u00e9s en 3D. Disponibles en deux tailles (245 mm et 200 mm) et trois coloris \u00e9l\u00e9gants : bleu clair, blanc et bronze. Design moderne, usage d\u00e9coratif uniquement.<\/p>\n","protected":false},"featured_media":404,"comment_status":"open","ping_status":"closed","template":"","meta":{"site-sidebar-layout":"default","site-content-layout":"","ast-site-content-layout":"default","site-content-style":"default","site-sidebar-style":"default","ast-global-header-display":"","ast-banner-title-visibility":"","ast-main-header-display":"","ast-hfb-above-header-display":"","ast-hfb-below-header-display":"","ast-hfb-mobile-header-display":"","site-post-title":"","ast-breadcrumbs-content":"","ast-featured-img":"","footer-sml-layout":"","ast-disable-related-posts":"","theme-transparent-header-meta":"default","adv-header-id-meta":"","stick-header-meta":"","header-above-stick-meta":"","header-main-stick-meta":"","header-below-stick-meta":"","astra-migrate-meta-layouts":"set","ast-page-background-enabled":"default","ast-page-background-meta":{"desktop":{"background-color":"var(--ast-global-color-5)","background-image":"","background-repeat":"repeat","background-position":"center center","background-size":"auto","background-attachment":"scroll","background-type":"","background-media":"","overlay-type":"","overlay-color":"","overlay-opacity":"","overlay-gradient":""},"tablet":{"background-color":"","background-image":"","background-repeat":"repeat","background-position":"center center","background-size":"auto","background-attachment":"scroll","background-type":"","background-media":"","overlay-type":"","overlay-color":"","overlay-opacity":"","overlay-gradient":""},"mobile":{"background-color":"","background-image":"","background-repeat":"repeat","background-position":"center center","background-size":"auto","background-attachment":"scroll","background-type":"","background-media":"","overlay-type":"","overlay-color":"","overlay-opacity":"","overlay-gradient":""}},"ast-content-background-meta":{"desktop":{"background-color":"var(--ast-global-color-4)","background-image":"","background-repeat":"repeat","background-position":"center center","background-size":"auto","background-attachment":"scroll","background-type":"","background-media":"","overlay-type":"","overlay-color":"","overlay-opacity":"","overlay-gradient":""},"tablet":{"background-color":"var(--ast-global-color-4)","background-image":"","background-repeat":"repeat","background-position":"center center","background-size":"auto","background-attachment":"scroll","background-type":"","background-media":"","overlay-type":"","overlay-color":"","overlay-opacity":"","overlay-gradient":""},"mobile":{"background-color":"var(--ast-global-color-4)","background-image":"","background-repeat":"repeat","background-position":"center center","background-size":"auto","background-attachment":"scroll","background-type":"","background-media":"","overlay-type":"","overlay-color":"","overlay-opacity":"","overlay-gradient":""}}},"product_brand":[],"product_cat":[37],"product_tag":[],"class_list":{"0":"post-385","1":"product","2":"type-product","3":"status-publish","4":"has-post-thumbnail","6":"product_cat-vases","7":"desktop-align-left","8":"tablet-align-left","9":"mobile-align-left","11":"first","12":"instock","13":"shipping-taxable","14":"purchasable","15":"product-type-variable"},"jetpack_sharing_enabled":true,"_links":{"self":[{"href":"https:\/\/2r3d.fr\/index.php\/wp-json\/wp\/v2\/product\/385","targetHints":{"allow":["GET"]}}],"collection":[{"href":"https:\/\/2r3d.fr\/index.php\/wp-json\/wp\/v2\/product"}],"about":[{"href":"https:\/\/2r3d.fr\/index.php\/wp-json\/wp\/v2\/types\/product"}],"replies":[{"embeddable":true,"href":"https:\/\/2r3d.fr\/index.php\/wp-json\/wp\/v2\/comments?post=385"}],"wp:featuredmedia":[{"embeddable":true,"href":"https:\/\/2r3d.fr\/index.php\/wp-json\/wp\/v2\/media\/404"}],"wp:attachment":[{"href":"https:\/\/2r3d.fr\/index.php\/wp-json\/wp\/v2\/media?parent=385"}],"wp:term":[{"taxonomy":"product_brand","embeddable":true,"href":"https:\/\/2r3d.fr\/index.php\/wp-json\/wp\/v2\/product_brand?post=385"},{"taxonomy":"product_cat","embeddable":true,"href":"https:\/\/2r3d.fr\/index.php\/wp-json\/wp\/v2\/product_cat?post=385"},{"taxonomy":"product_tag","embeddable":true,"href":"https:\/\/2r3d.fr\/index.php\/wp-json\/wp\/v2\/product_tag?post=385"}],"curies":[{"name":"wp","href":"https:\/\/api.w.org\/{rel}","templated":true}]}}