{"id":429,"date":"2025-11-03T12:12:10","date_gmt":"2025-11-03T11:12:10","guid":{"rendered":"https:\/\/2r3d.fr\/?post_type=product&#038;p=429"},"modified":"2025-11-18T09:47:39","modified_gmt":"2025-11-18T08:47:39","slug":"lampe-3d-lithophanie-egypte-pyramides-illuminees-deco-unique","status":"publish","type":"product","link":"https:\/\/2r3d.fr\/index.php\/produit\/lampe-3d-lithophanie-egypte-pyramides-illuminees-deco-unique\/","title":{"rendered":"Lampe 3D lithophanie \u00c9gypte \u2013 Pyramides illumin\u00e9es, d\u00e9co unique"},"content":{"rendered":"<p>D\u00e9couvrez la Lampe \u00c9gyptienne, fa\u00e7onn\u00e9e artisanalement en impression 3D \u00e0 partir de PLA SILK dor\u00e9 .<\/p>\n<p>Son originalit\u00e9 vient de son abat-jour en lithophanie\u202f: une fine gravure translucide qui laisse appara\u00eetre une photo des pyramides d\u2019\u00c9gypte d\u00e8s qu\u2019elle est \u00e9clair\u00e9e.<\/p>\n<p>Ce design \u00e9l\u00e9gant et historique apporte une ambiance chaleureuse \u00e0 votre int\u00e9rieur, qu\u2019il s\u2019agisse d\u2019un salon, d\u2019une chambre ou d\u2019un bureau.<br \/>\nDimensions 24\u00d738\u00d722\u202fcm, norme CE, douille E14, c\u00e2ble secteur inclus (ampoule non fournie).<\/p>\n<p><em><strong>Offrez ou offrez-vous cette pi\u00e8ce d\u00e9corative pour sublimer votre espace et voyager chaque jour au c\u0153ur de l\u2019\u00c9gypte ancienne !<\/strong><\/em><\/p>\n","protected":false},"excerpt":{"rendered":"<p>Lampe \u00c9gyptienne en PLA SILK, cr\u00e9ation artisanale en impression 3D. Design unique inspir\u00e9 de l\u2019\u00c9gypte, id\u00e9ale pour une d\u00e9coration moderne et chaleureuse.<\/p>\n","protected":false},"featured_media":430,"comment_status":"open","ping_status":"closed","template":"","meta":{"site-sidebar-layout":"default","site-content-layout":"","ast-site-content-layout":"default","site-content-style":"default","site-sidebar-style":"default","ast-global-header-display":"","ast-banner-title-visibility":"","ast-main-header-display":"","ast-hfb-above-header-display":"","ast-hfb-below-header-display":"","ast-hfb-mobile-header-display":"","site-post-title":"","ast-breadcrumbs-content":"","ast-featured-img":"","footer-sml-layout":"","ast-disable-related-posts":"","theme-transparent-header-meta":"default","adv-header-id-meta":"","stick-header-meta":"","header-above-stick-meta":"","header-main-stick-meta":"","header-below-stick-meta":"","astra-migrate-meta-layouts":"set","ast-page-background-enabled":"default","ast-page-background-meta":{"desktop":{"background-color":"var(--ast-global-color-5)","background-image":"","background-repeat":"repeat","background-position":"center center","background-size":"auto","background-attachment":"scroll","background-type":"","background-media":"","overlay-type":"","overlay-color":"","overlay-opacity":"","overlay-gradient":""},"tablet":{"background-color":"","background-image":"","background-repeat":"repeat","background-position":"center center","background-size":"auto","background-attachment":"scroll","background-type":"","background-media":"","overlay-type":"","overlay-color":"","overlay-opacity":"","overlay-gradient":""},"mobile":{"background-color":"","background-image":"","background-repeat":"repeat","background-position":"center center","background-size":"auto","background-attachment":"scroll","background-type":"","background-media":"","overlay-type":"","overlay-color":"","overlay-opacity":"","overlay-gradient":""}},"ast-content-background-meta":{"desktop":{"background-color":"var(--ast-global-color-4)","background-image":"","background-repeat":"repeat","background-position":"center center","background-size":"auto","background-attachment":"scroll","background-type":"","background-media":"","overlay-type":"","overlay-color":"","overlay-opacity":"","overlay-gradient":""},"tablet":{"background-color":"var(--ast-global-color-4)","background-image":"","background-repeat":"repeat","background-position":"center center","background-size":"auto","background-attachment":"scroll","background-type":"","background-media":"","overlay-type":"","overlay-color":"","overlay-opacity":"","overlay-gradient":""},"mobile":{"background-color":"var(--ast-global-color-4)","background-image":"","background-repeat":"repeat","background-position":"center center","background-size":"auto","background-attachment":"scroll","background-type":"","background-media":"","overlay-type":"","overlay-color":"","overlay-opacity":"","overlay-gradient":""}}},"product_brand":[],"product_cat":[20],"product_tag":[],"class_list":{"0":"post-429","1":"product","2":"type-product","3":"status-publish","4":"has-post-thumbnail","6":"product_cat-luminaires","7":"desktop-align-left","8":"tablet-align-left","9":"mobile-align-left","11":"first","12":"instock","13":"featured","14":"shipping-taxable","15":"purchasable","16":"product-type-simple"},"jetpack_sharing_enabled":true,"_links":{"self":[{"href":"https:\/\/2r3d.fr\/index.php\/wp-json\/wp\/v2\/product\/429","targetHints":{"allow":["GET"]}}],"collection":[{"href":"https:\/\/2r3d.fr\/index.php\/wp-json\/wp\/v2\/product"}],"about":[{"href":"https:\/\/2r3d.fr\/index.php\/wp-json\/wp\/v2\/types\/product"}],"replies":[{"embeddable":true,"href":"https:\/\/2r3d.fr\/index.php\/wp-json\/wp\/v2\/comments?post=429"}],"wp:featuredmedia":[{"embeddable":true,"href":"https:\/\/2r3d.fr\/index.php\/wp-json\/wp\/v2\/media\/430"}],"wp:attachment":[{"href":"https:\/\/2r3d.fr\/index.php\/wp-json\/wp\/v2\/media?parent=429"}],"wp:term":[{"taxonomy":"product_brand","embeddable":true,"href":"https:\/\/2r3d.fr\/index.php\/wp-json\/wp\/v2\/product_brand?post=429"},{"taxonomy":"product_cat","embeddable":true,"href":"https:\/\/2r3d.fr\/index.php\/wp-json\/wp\/v2\/product_cat?post=429"},{"taxonomy":"product_tag","embeddable":true,"href":"https:\/\/2r3d.fr\/index.php\/wp-json\/wp\/v2\/product_tag?post=429"}],"curies":[{"name":"wp","href":"https:\/\/api.w.org\/{rel}","templated":true}]}}