{"id":483,"date":"2025-11-05T16:09:14","date_gmt":"2025-11-05T15:09:14","guid":{"rendered":"https:\/\/2r3d.fr\/?post_type=product&#038;p=483"},"modified":"2026-05-04T19:35:23","modified_gmt":"2026-05-04T17:35:23","slug":"la-botte-de-noel-personnalisee","status":"publish","type":"product","link":"https:\/\/2r3d.fr\/index.php\/produit\/la-botte-de-noel-personnalisee\/","title":{"rendered":"La botte de no\u00ebl personnalis\u00e9e"},"content":{"rendered":"<p>Ajoutez une touche de magie \u00e0 vos f\u00eates avec la botte de No\u00ebl personnalis\u00e9e, imprim\u00e9e en 3D et d\u00e9cor\u00e9e du pr\u00e9nom de votre choix. Fabriqu\u00e9e en PLA et PLA SILK, cette botte festive mesure 10 x 7.5 x 0.3 cm et s\u2019adapte \u00e0 tous les styles gr\u00e2ce \u00e0 ses trois associations de couleurs\u202f: blanc\/rouge, vert olive\/beige, bleu silk\/blanc silk.<\/p>\n<p>Id\u00e9ale pour offrir un cadeau unique ou personnaliser votre d\u00e9coration, la botte de No\u00ebl pr\u00e9nom se distingue par sa fabrication artisanale de qualit\u00e9 et sa disponibilit\u00e9 imm\u00e9diate sur les pr\u00e9noms courants.<br \/>\nCommandez d\u00e8s maintenant pour offrir une attention originale et durable \u00e0 toute la famille !<br \/>\nfaites briller vos f\u00eates avec une d\u00e9co personnalis\u00e9e.<\/p>\n","protected":false},"excerpt":{"rendered":"<p>Botte de No\u00ebl personnalis\u00e9e avec pr\u00e9nom en impression 3D, disponible en 3 coloris originaux.<\/p>\n<p>Cadeau d\u00e9coratif et unique pour f\u00eates de fin d\u2019ann\u00e9e.<\/p>\n","protected":false},"featured_media":492,"comment_status":"open","ping_status":"closed","template":"","meta":{"site-sidebar-layout":"default","site-content-layout":"","ast-site-content-layout":"default","site-content-style":"default","site-sidebar-style":"default","ast-global-header-display":"","ast-banner-title-visibility":"","ast-main-header-display":"","ast-hfb-above-header-display":"","ast-hfb-below-header-display":"","ast-hfb-mobile-header-display":"","site-post-title":"","ast-breadcrumbs-content":"","ast-featured-img":"","footer-sml-layout":"","ast-disable-related-posts":"","theme-transparent-header-meta":"default","adv-header-id-meta":"","stick-header-meta":"","header-above-stick-meta":"","header-main-stick-meta":"","header-below-stick-meta":"","astra-migrate-meta-layouts":"set","ast-page-background-enabled":"default","ast-page-background-meta":{"desktop":{"background-color":"var(--ast-global-color-5)","background-image":"","background-repeat":"repeat","background-position":"center center","background-size":"auto","background-attachment":"scroll","background-type":"","background-media":"","overlay-type":"","overlay-color":"","overlay-opacity":"","overlay-gradient":""},"tablet":{"background-color":"","background-image":"","background-repeat":"repeat","background-position":"center center","background-size":"auto","background-attachment":"scroll","background-type":"","background-media":"","overlay-type":"","overlay-color":"","overlay-opacity":"","overlay-gradient":""},"mobile":{"background-color":"","background-image":"","background-repeat":"repeat","background-position":"center center","background-size":"auto","background-attachment":"scroll","background-type":"","background-media":"","overlay-type":"","overlay-color":"","overlay-opacity":"","overlay-gradient":""}},"ast-content-background-meta":{"desktop":{"background-color":"var(--ast-global-color-4)","background-image":"","background-repeat":"repeat","background-position":"center center","background-size":"auto","background-attachment":"scroll","background-type":"","background-media":"","overlay-type":"","overlay-color":"","overlay-opacity":"","overlay-gradient":""},"tablet":{"background-color":"var(--ast-global-color-4)","background-image":"","background-repeat":"repeat","background-position":"center center","background-size":"auto","background-attachment":"scroll","background-type":"","background-media":"","overlay-type":"","overlay-color":"","overlay-opacity":"","overlay-gradient":""},"mobile":{"background-color":"var(--ast-global-color-4)","background-image":"","background-repeat":"repeat","background-position":"center center","background-size":"auto","background-attachment":"scroll","background-type":"","background-media":"","overlay-type":"","overlay-color":"","overlay-opacity":"","overlay-gradient":""}}},"product_brand":[41],"product_cat":[40,38],"product_tag":[],"class_list":{"0":"post-483","1":"product","2":"type-product","3":"status-publish","4":"has-post-thumbnail","6":"product_brand-2r3d","7":"product_cat-decorations-de-noel-personnalisees","8":"product_cat-objets-personnalises","9":"desktop-align-left","10":"tablet-align-left","11":"mobile-align-left","13":"first","14":"instock","15":"shipping-taxable","16":"purchasable","17":"product-type-variable"},"jetpack_sharing_enabled":true,"_links":{"self":[{"href":"https:\/\/2r3d.fr\/index.php\/wp-json\/wp\/v2\/product\/483","targetHints":{"allow":["GET"]}}],"collection":[{"href":"https:\/\/2r3d.fr\/index.php\/wp-json\/wp\/v2\/product"}],"about":[{"href":"https:\/\/2r3d.fr\/index.php\/wp-json\/wp\/v2\/types\/product"}],"replies":[{"embeddable":true,"href":"https:\/\/2r3d.fr\/index.php\/wp-json\/wp\/v2\/comments?post=483"}],"wp:featuredmedia":[{"embeddable":true,"href":"https:\/\/2r3d.fr\/index.php\/wp-json\/wp\/v2\/media\/492"}],"wp:attachment":[{"href":"https:\/\/2r3d.fr\/index.php\/wp-json\/wp\/v2\/media?parent=483"}],"wp:term":[{"taxonomy":"product_brand","embeddable":true,"href":"https:\/\/2r3d.fr\/index.php\/wp-json\/wp\/v2\/product_brand?post=483"},{"taxonomy":"product_cat","embeddable":true,"href":"https:\/\/2r3d.fr\/index.php\/wp-json\/wp\/v2\/product_cat?post=483"},{"taxonomy":"product_tag","embeddable":true,"href":"https:\/\/2r3d.fr\/index.php\/wp-json\/wp\/v2\/product_tag?post=483"}],"curies":[{"name":"wp","href":"https:\/\/api.w.org\/{rel}","templated":true}]}}