{"id":493,"date":"2025-11-05T17:35:36","date_gmt":"2025-11-05T16:35:36","guid":{"rendered":"https:\/\/2r3d.fr\/?post_type=product&#038;p=493"},"modified":"2026-05-04T19:35:18","modified_gmt":"2026-05-04T17:35:18","slug":"la-boule-de-noel-personnalisee","status":"publish","type":"product","link":"https:\/\/2r3d.fr\/index.php\/produit\/la-boule-de-noel-personnalisee\/","title":{"rendered":"La boule de no\u00ebl personnalis\u00e9e"},"content":{"rendered":"<p>Apportez une touche d\u2019originalit\u00e9 \u00e0 vos f\u00eates avec une boule de No\u00ebl personnalis\u00e9e, imprim\u00e9e en 3D et orn\u00e9e du pr\u00e9nom de votre choix.<\/p>\n<p>Fabriqu\u00e9e en PLA ou PLA SILK, cette d\u00e9coration artisanale est disponible en trois associations de couleurs (blanc\/rouge, bleu silk\/blanc silk, vert olive\/beige) pour s\u2019adapter \u00e0 votre style et votre sapin.<br \/>\nDimensions\u202f: diam\u00e8tre 7 cm.<br \/>\nId\u00e9ale comme cadeau personnalis\u00e9 ou pour distinguer chaque membre de la famille sous le sapin, la boule de No\u00ebl pr\u00e9nom est en stock sur les pr\u00e9noms les plus courants, et personnalisable sur demande.<\/p>\n<p>Rendez votre d\u00e9coration de No\u00ebl vraiment unique et m\u00e9morable !<\/p>\n","protected":false},"excerpt":{"rendered":"<p>Boule de No\u00ebl personnalis\u00e9e avec pr\u00e9nom en impression 3D \u2013 3 coloris au choix, d\u00e9coration unique et festive pour sapin et cadeaux ! en impression 3D \u2013 3 coloris au choix, d\u00e9coration unique et festive pour sapin et cadeaux !<\/p>\n","protected":false},"featured_media":500,"comment_status":"open","ping_status":"closed","template":"","meta":{"site-sidebar-layout":"default","site-content-layout":"","ast-site-content-layout":"default","site-content-style":"default","site-sidebar-style":"default","ast-global-header-display":"","ast-banner-title-visibility":"","ast-main-header-display":"","ast-hfb-above-header-display":"","ast-hfb-below-header-display":"","ast-hfb-mobile-header-display":"","site-post-title":"","ast-breadcrumbs-content":"","ast-featured-img":"","footer-sml-layout":"","ast-disable-related-posts":"","theme-transparent-header-meta":"default","adv-header-id-meta":"","stick-header-meta":"","header-above-stick-meta":"","header-main-stick-meta":"","header-below-stick-meta":"","astra-migrate-meta-layouts":"set","ast-page-background-enabled":"default","ast-page-background-meta":{"desktop":{"background-color":"var(--ast-global-color-5)","background-image":"","background-repeat":"repeat","background-position":"center center","background-size":"auto","background-attachment":"scroll","background-type":"","background-media":"","overlay-type":"","overlay-color":"","overlay-opacity":"","overlay-gradient":""},"tablet":{"background-color":"","background-image":"","background-repeat":"repeat","background-position":"center center","background-size":"auto","background-attachment":"scroll","background-type":"","background-media":"","overlay-type":"","overlay-color":"","overlay-opacity":"","overlay-gradient":""},"mobile":{"background-color":"","background-image":"","background-repeat":"repeat","background-position":"center center","background-size":"auto","background-attachment":"scroll","background-type":"","background-media":"","overlay-type":"","overlay-color":"","overlay-opacity":"","overlay-gradient":""}},"ast-content-background-meta":{"desktop":{"background-color":"var(--ast-global-color-4)","background-image":"","background-repeat":"repeat","background-position":"center center","background-size":"auto","background-attachment":"scroll","background-type":"","background-media":"","overlay-type":"","overlay-color":"","overlay-opacity":"","overlay-gradient":""},"tablet":{"background-color":"var(--ast-global-color-4)","background-image":"","background-repeat":"repeat","background-position":"center center","background-size":"auto","background-attachment":"scroll","background-type":"","background-media":"","overlay-type":"","overlay-color":"","overlay-opacity":"","overlay-gradient":""},"mobile":{"background-color":"var(--ast-global-color-4)","background-image":"","background-repeat":"repeat","background-position":"center center","background-size":"auto","background-attachment":"scroll","background-type":"","background-media":"","overlay-type":"","overlay-color":"","overlay-opacity":"","overlay-gradient":""}}},"product_brand":[41],"product_cat":[40,38],"product_tag":[],"class_list":{"0":"post-493","1":"product","2":"type-product","3":"status-publish","4":"has-post-thumbnail","6":"product_brand-2r3d","7":"product_cat-decorations-de-noel-personnalisees","8":"product_cat-objets-personnalises","9":"desktop-align-left","10":"tablet-align-left","11":"mobile-align-left","13":"first","14":"instock","15":"shipping-taxable","16":"purchasable","17":"product-type-variable"},"jetpack_sharing_enabled":true,"_links":{"self":[{"href":"https:\/\/2r3d.fr\/index.php\/wp-json\/wp\/v2\/product\/493","targetHints":{"allow":["GET"]}}],"collection":[{"href":"https:\/\/2r3d.fr\/index.php\/wp-json\/wp\/v2\/product"}],"about":[{"href":"https:\/\/2r3d.fr\/index.php\/wp-json\/wp\/v2\/types\/product"}],"replies":[{"embeddable":true,"href":"https:\/\/2r3d.fr\/index.php\/wp-json\/wp\/v2\/comments?post=493"}],"wp:featuredmedia":[{"embeddable":true,"href":"https:\/\/2r3d.fr\/index.php\/wp-json\/wp\/v2\/media\/500"}],"wp:attachment":[{"href":"https:\/\/2r3d.fr\/index.php\/wp-json\/wp\/v2\/media?parent=493"}],"wp:term":[{"taxonomy":"product_brand","embeddable":true,"href":"https:\/\/2r3d.fr\/index.php\/wp-json\/wp\/v2\/product_brand?post=493"},{"taxonomy":"product_cat","embeddable":true,"href":"https:\/\/2r3d.fr\/index.php\/wp-json\/wp\/v2\/product_cat?post=493"},{"taxonomy":"product_tag","embeddable":true,"href":"https:\/\/2r3d.fr\/index.php\/wp-json\/wp\/v2\/product_tag?post=493"}],"curies":[{"name":"wp","href":"https:\/\/api.w.org\/{rel}","templated":true}]}}