{"id":505,"date":"2025-11-06T10:20:28","date_gmt":"2025-11-06T09:20:28","guid":{"rendered":"https:\/\/2r3d.fr\/?post_type=product&#038;p=505"},"modified":"2026-05-04T19:34:11","modified_gmt":"2026-05-04T17:34:11","slug":"le-flocon-de-noel-personnalise","status":"publish","type":"product","link":"https:\/\/2r3d.fr\/index.php\/produit\/le-flocon-de-noel-personnalise\/","title":{"rendered":"Le Flocon de No\u00ebl personnalis\u00e9"},"content":{"rendered":"<p>Personnalisez votre d\u00e9coration de No\u00ebl avec un flocon de No\u00ebl unique !<\/p>\n<p>Chaque flocon est imprim\u00e9 en 3D \u00e0 partir de PLA ou PLA silk, reconnu pour sa brillance et son toucher soyeux.<\/p>\n<p>Ce mod\u00e8le personnalisable avec le pr\u00e9nom de votre choix s\u2019adapte parfaitement \u00e0 tous les types de sapins.<\/p>\n<p>Finitions haut de gamme et design original pour sublimer votre int\u00e9rieur.<\/p>\n<p>Disponible en trois coloris modernes : bleu silk\/blanc silk, blanc\/rouge, vert olive\/beige.<\/p>\n<p>Un cadeau id\u00e9al pour enfants, famille ou coll\u00e8gues qui ravira petits et grands et apportera une touche chaleureuse \u00e0 votre d\u00e9coration de f\u00eates.<\/p>\n<p>Fabrication locale, respectueuse de l\u2019environnement.<\/p>\n","protected":false},"excerpt":{"rendered":"<p>Offrez un flocon de No\u00ebl personnalis\u00e9 avec pr\u00e9nom, id\u00e9al pour d\u00e9corer votre sapin et c\u00e9l\u00e9brer les f\u00eates avec originalit\u00e9. Disponible en plusieurs coloris \u00e9l\u00e9gants, finition soign\u00e9e en PLA silk pour un effet brillant et durable.<\/p>\n","protected":false},"featured_media":506,"comment_status":"open","ping_status":"closed","template":"","meta":{"site-sidebar-layout":"default","site-content-layout":"","ast-site-content-layout":"default","site-content-style":"default","site-sidebar-style":"default","ast-global-header-display":"","ast-banner-title-visibility":"","ast-main-header-display":"","ast-hfb-above-header-display":"","ast-hfb-below-header-display":"","ast-hfb-mobile-header-display":"","site-post-title":"","ast-breadcrumbs-content":"","ast-featured-img":"","footer-sml-layout":"","ast-disable-related-posts":"","theme-transparent-header-meta":"default","adv-header-id-meta":"","stick-header-meta":"","header-above-stick-meta":"","header-main-stick-meta":"","header-below-stick-meta":"","astra-migrate-meta-layouts":"set","ast-page-background-enabled":"default","ast-page-background-meta":{"desktop":{"background-color":"var(--ast-global-color-5)","background-image":"","background-repeat":"repeat","background-position":"center center","background-size":"auto","background-attachment":"scroll","background-type":"","background-media":"","overlay-type":"","overlay-color":"","overlay-opacity":"","overlay-gradient":""},"tablet":{"background-color":"","background-image":"","background-repeat":"repeat","background-position":"center center","background-size":"auto","background-attachment":"scroll","background-type":"","background-media":"","overlay-type":"","overlay-color":"","overlay-opacity":"","overlay-gradient":""},"mobile":{"background-color":"","background-image":"","background-repeat":"repeat","background-position":"center center","background-size":"auto","background-attachment":"scroll","background-type":"","background-media":"","overlay-type":"","overlay-color":"","overlay-opacity":"","overlay-gradient":""}},"ast-content-background-meta":{"desktop":{"background-color":"var(--ast-global-color-4)","background-image":"","background-repeat":"repeat","background-position":"center center","background-size":"auto","background-attachment":"scroll","background-type":"","background-media":"","overlay-type":"","overlay-color":"","overlay-opacity":"","overlay-gradient":""},"tablet":{"background-color":"var(--ast-global-color-4)","background-image":"","background-repeat":"repeat","background-position":"center center","background-size":"auto","background-attachment":"scroll","background-type":"","background-media":"","overlay-type":"","overlay-color":"","overlay-opacity":"","overlay-gradient":""},"mobile":{"background-color":"var(--ast-global-color-4)","background-image":"","background-repeat":"repeat","background-position":"center center","background-size":"auto","background-attachment":"scroll","background-type":"","background-media":"","overlay-type":"","overlay-color":"","overlay-opacity":"","overlay-gradient":""}}},"product_brand":[41],"product_cat":[40,38],"product_tag":[],"class_list":{"0":"post-505","1":"product","2":"type-product","3":"status-publish","4":"has-post-thumbnail","6":"product_brand-2r3d","7":"product_cat-decorations-de-noel-personnalisees","8":"product_cat-objets-personnalises","9":"desktop-align-left","10":"tablet-align-left","11":"mobile-align-left","13":"first","14":"instock","15":"shipping-taxable","16":"purchasable","17":"product-type-variable"},"jetpack_sharing_enabled":true,"_links":{"self":[{"href":"https:\/\/2r3d.fr\/index.php\/wp-json\/wp\/v2\/product\/505","targetHints":{"allow":["GET"]}}],"collection":[{"href":"https:\/\/2r3d.fr\/index.php\/wp-json\/wp\/v2\/product"}],"about":[{"href":"https:\/\/2r3d.fr\/index.php\/wp-json\/wp\/v2\/types\/product"}],"replies":[{"embeddable":true,"href":"https:\/\/2r3d.fr\/index.php\/wp-json\/wp\/v2\/comments?post=505"}],"wp:featuredmedia":[{"embeddable":true,"href":"https:\/\/2r3d.fr\/index.php\/wp-json\/wp\/v2\/media\/506"}],"wp:attachment":[{"href":"https:\/\/2r3d.fr\/index.php\/wp-json\/wp\/v2\/media?parent=505"}],"wp:term":[{"taxonomy":"product_brand","embeddable":true,"href":"https:\/\/2r3d.fr\/index.php\/wp-json\/wp\/v2\/product_brand?post=505"},{"taxonomy":"product_cat","embeddable":true,"href":"https:\/\/2r3d.fr\/index.php\/wp-json\/wp\/v2\/product_cat?post=505"},{"taxonomy":"product_tag","embeddable":true,"href":"https:\/\/2r3d.fr\/index.php\/wp-json\/wp\/v2\/product_tag?post=505"}],"curies":[{"name":"wp","href":"https:\/\/api.w.org\/{rel}","templated":true}]}}