{"id":555,"date":"2025-11-25T09:00:13","date_gmt":"2025-11-25T08:00:13","guid":{"rendered":"https:\/\/2r3d.fr\/?post_type=product&#038;p=555"},"modified":"2025-11-23T21:44:42","modified_gmt":"2025-11-23T20:44:42","slug":"lutin-prenom-led","status":"publish","type":"product","link":"https:\/\/2r3d.fr\/index.php\/produit\/lutin-prenom-led\/","title":{"rendered":"Lutin Pr\u00e9nom LED"},"content":{"rendered":"<p>D\u00e9couvrez le\u00a0<span class=\"notion-enable-hover\" data-token-index=\"1\">Lutin Pr\u00e9nom LED<\/span>\u00a0: un objet d\u00e9co personnalisable, id\u00e9al pour No\u00ebl, imagin\u00e9 et fabriqu\u00e9 par 2R3D.<\/p>\n<p>&nbsp;<\/p>\n<p>Sublimez votre int\u00e9rieur ou faites plaisir avec une cr\u00e9ation ludique et tendance !<\/p>\n<p>Personnalisez votre cadeau avec le pr\u00e9nom de votre choix affich\u00e9 en rouge vif et une majestueuse initiale en noir et blanc, r\u00e9tro\u00e9clair\u00e9e par des LED multicolores. Chaque mod\u00e8le s\u2019accompagne d\u2019un lutin farceur, positionn\u00e9 diff\u00e9remment selon le pr\u00e9nom, pour une touche d\u2019humour et d\u2019originalit\u00e9.<\/p>\n<p>Fabriqu\u00e9 en impression 3D, ce cadeau apporte une ambiance chaleureuse \u00e0 la maison, parfait pour d\u00e9corer une chambre d\u2019enfant, le salon ou la table de f\u00eates.<\/p>\n<p>&nbsp;<\/p>\n<p><span class=\"notion-enable-hover\" data-token-index=\"3\">Points forts :<\/span><\/p>\n<p>\u2022 Personnalisation pr\u00e9nom en 3D<\/p>\n<p>\u2022 Letter art XXL lumineux, LED color\u00e9es int\u00e9gr\u00e9es<\/p>\n<p>\u2022 Lutin farceur<\/p>\n<p>\u2022 Id\u00e9e cadeau originale pour No\u00ebl et les anniversaires<\/p>\n<p>\u2022 Objet d\u00e9co unique, con\u00e7u et r\u00e9alis\u00e9 localement<\/p>\n<p>\u2022 Installation facile, usage s\u00e9curis\u00e9<\/p>\n","protected":false},"excerpt":{"rendered":"<p>Offrez un cadeau unique pour No\u00ebl : une lettre lumineuse personnalis\u00e9e, d\u00e9cor\u00e9e d\u2019un lutin malin et du pr\u00e9nom de votre choix en rouge, pour illuminer les f\u00eates avec originalit\u00e9 et magie !<\/p>\n","protected":false},"featured_media":572,"comment_status":"open","ping_status":"closed","template":"","meta":{"site-sidebar-layout":"default","site-content-layout":"","ast-site-content-layout":"default","site-content-style":"default","site-sidebar-style":"default","ast-global-header-display":"","ast-banner-title-visibility":"","ast-main-header-display":"","ast-hfb-above-header-display":"","ast-hfb-below-header-display":"","ast-hfb-mobile-header-display":"","site-post-title":"","ast-breadcrumbs-content":"","ast-featured-img":"","footer-sml-layout":"","ast-disable-related-posts":"","theme-transparent-header-meta":"default","adv-header-id-meta":"","stick-header-meta":"","header-above-stick-meta":"","header-main-stick-meta":"","header-below-stick-meta":"","astra-migrate-meta-layouts":"set","ast-page-background-enabled":"default","ast-page-background-meta":{"desktop":{"background-color":"var(--ast-global-color-5)","background-image":"","background-repeat":"repeat","background-position":"center center","background-size":"auto","background-attachment":"scroll","background-type":"","background-media":"","overlay-type":"","overlay-color":"","overlay-opacity":"","overlay-gradient":""},"tablet":{"background-color":"","background-image":"","background-repeat":"repeat","background-position":"center center","background-size":"auto","background-attachment":"scroll","background-type":"","background-media":"","overlay-type":"","overlay-color":"","overlay-opacity":"","overlay-gradient":""},"mobile":{"background-color":"","background-image":"","background-repeat":"repeat","background-position":"center center","background-size":"auto","background-attachment":"scroll","background-type":"","background-media":"","overlay-type":"","overlay-color":"","overlay-opacity":"","overlay-gradient":""}},"ast-content-background-meta":{"desktop":{"background-color":"var(--ast-global-color-4)","background-image":"","background-repeat":"repeat","background-position":"center center","background-size":"auto","background-attachment":"scroll","background-type":"","background-media":"","overlay-type":"","overlay-color":"","overlay-opacity":"","overlay-gradient":""},"tablet":{"background-color":"var(--ast-global-color-4)","background-image":"","background-repeat":"repeat","background-position":"center center","background-size":"auto","background-attachment":"scroll","background-type":"","background-media":"","overlay-type":"","overlay-color":"","overlay-opacity":"","overlay-gradient":""},"mobile":{"background-color":"var(--ast-global-color-4)","background-image":"","background-repeat":"repeat","background-position":"center center","background-size":"auto","background-attachment":"scroll","background-type":"","background-media":"","overlay-type":"","overlay-color":"","overlay-opacity":"","overlay-gradient":""}}},"product_brand":[41],"product_cat":[40,38],"product_tag":[],"class_list":{"0":"post-555","1":"product","2":"type-product","3":"status-publish","4":"has-post-thumbnail","6":"product_brand-2r3d","7":"product_cat-decorations-de-noel-personnalisees","8":"product_cat-objets-personnalises","9":"desktop-align-left","10":"tablet-align-left","11":"mobile-align-left","13":"first","14":"instock","15":"shipping-taxable","16":"purchasable","17":"product-type-simple"},"jetpack_sharing_enabled":true,"_links":{"self":[{"href":"https:\/\/2r3d.fr\/index.php\/wp-json\/wp\/v2\/product\/555","targetHints":{"allow":["GET"]}}],"collection":[{"href":"https:\/\/2r3d.fr\/index.php\/wp-json\/wp\/v2\/product"}],"about":[{"href":"https:\/\/2r3d.fr\/index.php\/wp-json\/wp\/v2\/types\/product"}],"replies":[{"embeddable":true,"href":"https:\/\/2r3d.fr\/index.php\/wp-json\/wp\/v2\/comments?post=555"}],"wp:featuredmedia":[{"embeddable":true,"href":"https:\/\/2r3d.fr\/index.php\/wp-json\/wp\/v2\/media\/572"}],"wp:attachment":[{"href":"https:\/\/2r3d.fr\/index.php\/wp-json\/wp\/v2\/media?parent=555"}],"wp:term":[{"taxonomy":"product_brand","embeddable":true,"href":"https:\/\/2r3d.fr\/index.php\/wp-json\/wp\/v2\/product_brand?post=555"},{"taxonomy":"product_cat","embeddable":true,"href":"https:\/\/2r3d.fr\/index.php\/wp-json\/wp\/v2\/product_cat?post=555"},{"taxonomy":"product_tag","embeddable":true,"href":"https:\/\/2r3d.fr\/index.php\/wp-json\/wp\/v2\/product_tag?post=555"}],"curies":[{"name":"wp","href":"https:\/\/api.w.org\/{rel}","templated":true}]}}